{"id":161,"date":"2021-09-05T19:17:36","date_gmt":"2021-09-05T17:17:36","guid":{"rendered":"https:\/\/www.bstly.de\/?page_id=161"},"modified":"2021-12-15T12:00:55","modified_gmt":"2021-12-15T11:00:55","slug":"events","status":"publish","type":"page","link":"https:\/\/www.bstly.de\/en\/events\/","title":{"rendered":"Events"},"content":{"rendered":"\n<div class=\"wp-block-columns is-layout-flex wp-container-core-columns-is-layout-9d6595d7 wp-block-columns-is-layout-flex\">\n<div class=\"wp-block-column is-layout-flow wp-block-column-is-layout-flow\"><div class=\"r34ics-ajax-container loading\" id=\"r69fc9d70922b0ff\" data-view=\"list\" data-view-is-list-style=\"1\" data-view-is-list-long=\"1\" data-args=\"299298d764ff38a5ace13558653ba080cf642753\" data-js-args=\"{&quot;debug&quot;:null}\">&nbsp;<\/div>\n<\/div>\n\n\n\n<div class=\"wp-block-column is-layout-flow wp-block-column-is-layout-flow\"><ul class=\"wp-block-latest-posts__list has-dates wp-block-latest-posts\"><li><a class=\"wp-block-latest-posts__post-title\" href=\"https:\/\/www.bstly.de\/en\/2021\/12\/15\/rc3-2021-nowhere-einladung\/\">rc3 2021 &#8211; NOWHERE Einladung<\/a><time datetime=\"2021-12-15T12:38:29+01:00\" class=\"wp-block-latest-posts__post-date\">15. December 2021<\/time><div class=\"wp-block-latest-posts__post-excerpt\">Hiermit m\u00f6chten wir noch mal alle Mitglieder und Freunde zum diesj\u00e4hrigen Remote Chaos Communication Congress #rc3 2021 vom 27.-30.12. einladen! &#8220;Ich wei\u00df gar nicht was mich erwartet und was ich tun soll!&#8221;&hellip; <a class=\"more-link\" href=\"https:\/\/www.bstly.de\/en\/2021\/12\/15\/rc3-2021-nowhere-einladung\/\">Continue reading <span class=\"screen-reader-text\">rc3 2021 &#8211; NOWHERE Einladung<\/span><\/a><\/div><\/li>\n<li><a class=\"wp-block-latest-posts__post-title\" href=\"https:\/\/www.bstly.de\/en\/2021\/11\/12\/call-for-participation-bstly-goes-nowhere-rc3\/\">Call for Participation &#8211; bstly goes NOWHERE #rc3<\/a><time datetime=\"2021-11-12T18:25:55+01:00\" class=\"wp-block-latest-posts__post-date\">12. November 2021<\/time><div class=\"wp-block-latest-posts__post-excerpt\">Der CCC hat einige Updates zur diesj\u00e4hrigen Remote Chaos Experience ver\u00f6ffentlicht. Zum einen wurde das Motto NOWHERE bekanntgegeben. Au\u00dferdem wurde ein Call for Participation ver\u00f6ffentlicht. Wie schon angek\u00fcndigt m\u00f6chten wir auch unseren&hellip; <a class=\"more-link\" href=\"https:\/\/www.bstly.de\/en\/2021\/11\/12\/call-for-participation-bstly-goes-nowhere-rc3\/\">Continue reading <span class=\"screen-reader-text\">Call for Participation &#8211; bstly goes NOWHERE #rc3<\/span><\/a><\/div><\/li>\n<li><a class=\"wp-block-latest-posts__post-title\" href=\"https:\/\/www.bstly.de\/en\/2021\/10\/28\/bstly-goes-chaos-rc3\/\">bstly goes chaos #rc3<\/a><time datetime=\"2021-10-28T21:07:56+02:00\" class=\"wp-block-latest-posts__post-date\">28. October 2021<\/time><div class=\"wp-block-latest-posts__post-excerpt\">Unser geliebter Chaos Communication Congress wird auch im Jahr 2021 corona-bedingt nicht als Pr\u00e4senz-Veranstaltung in Leipzig stattfinden. Das hei\u00dft es wird wieder vom 27.12. bis zum 30.12. eine Remote Chaos Experience geben&hellip; <a class=\"more-link\" href=\"https:\/\/www.bstly.de\/en\/2021\/10\/28\/bstly-goes-chaos-rc3\/\">Continue reading <span class=\"screen-reader-text\">bstly goes chaos #rc3<\/span><\/a><\/div><\/li>\n<li><a class=\"wp-block-latest-posts__post-title\" href=\"https:\/\/www.bstly.de\/en\/2021\/10\/27\/pubquiz\/\">Pubquiz<\/a><time datetime=\"2021-10-27T17:45:27+02:00\" class=\"wp-block-latest-posts__post-date\">27. October 2021<\/time><div class=\"wp-block-latest-posts__post-excerpt\">Am Samstag den 11.12. veranstalten wir ein virtuelles Pubquiz. Teilnehmen k\u00f6nnen alle aus der bstly-bubble. Wenn du also noch kein Mitglied bist und gerne teilnehmen m\u00f6chte, bitte einfach ein Vereinsmitglied um eine&hellip; <a class=\"more-link\" href=\"https:\/\/www.bstly.de\/en\/2021\/10\/27\/pubquiz\/\">Continue reading <span class=\"screen-reader-text\">Pubquiz<\/span><\/a><\/div><\/li>\n<\/ul><\/div>\n<\/div>\n","protected":false},"excerpt":{"rendered":"","protected":false},"author":1,"featured_media":0,"parent":0,"menu_order":0,"comment_status":"closed","ping_status":"closed","template":"","meta":{"footnotes":""},"class_list":["post-161","page","type-page","status-publish","hentry","entry"],"_links":{"self":[{"href":"https:\/\/www.bstly.de\/en\/wp-json\/wp\/v2\/pages\/161","targetHints":{"allow":["GET"]}}],"collection":[{"href":"https:\/\/www.bstly.de\/en\/wp-json\/wp\/v2\/pages"}],"about":[{"href":"https:\/\/www.bstly.de\/en\/wp-json\/wp\/v2\/types\/page"}],"author":[{"embeddable":true,"href":"https:\/\/www.bstly.de\/en\/wp-json\/wp\/v2\/users\/1"}],"replies":[{"embeddable":true,"href":"https:\/\/www.bstly.de\/en\/wp-json\/wp\/v2\/comments?post=161"}],"version-history":[{"count":15,"href":"https:\/\/www.bstly.de\/en\/wp-json\/wp\/v2\/pages\/161\/revisions"}],"predecessor-version":[{"id":276,"href":"https:\/\/www.bstly.de\/en\/wp-json\/wp\/v2\/pages\/161\/revisions\/276"}],"wp:attachment":[{"href":"https:\/\/www.bstly.de\/en\/wp-json\/wp\/v2\/media?parent=161"}],"curies":[{"name":"wp","href":"https:\/\/api.w.org\/{rel}","templated":true}]}}