{"id":159,"date":"2021-09-05T19:16:00","date_gmt":"2021-09-05T17:16:00","guid":{"rendered":"https:\/\/www.bstly.de\/?page_id=159"},"modified":"2021-09-05T19:37:36","modified_gmt":"2021-09-05T17:37:36","slug":"blog","status":"publish","type":"page","link":"https:\/\/www.bstly.de\/en\/blog\/","title":{"rendered":"Blog"},"content":{"rendered":"<ul class=\"wp-block-latest-posts__list has-dates is-style-default wp-block-latest-posts\"><li><a class=\"wp-block-latest-posts__post-title\" href=\"https:\/\/www.bstly.de\/en\/2021\/12\/15\/rc3-2021-nowhere-einladung\/\">rc3 2021 &#8211; NOWHERE Einladung<\/a><time datetime=\"2021-12-15T12:38:29+01:00\" class=\"wp-block-latest-posts__post-date\">15. December 2021<\/time><div class=\"wp-block-latest-posts__post-excerpt\">Hiermit m\u00f6chten wir noch mal alle Mitglieder und Freunde zum diesj\u00e4hrigen Remote Chaos Communication Congress #rc3 2021 vom 27.-30.12. einladen! &#8220;Ich wei\u00df gar nicht was mich erwartet und was ich tun soll!&#8221;&hellip; <a class=\"more-link\" href=\"https:\/\/www.bstly.de\/en\/2021\/12\/15\/rc3-2021-nowhere-einladung\/\">Continue reading <span class=\"screen-reader-text\">rc3 2021 &#8211; NOWHERE Einladung<\/span><\/a><\/div><\/li>\n<li><a class=\"wp-block-latest-posts__post-title\" href=\"https:\/\/www.bstly.de\/en\/2021\/11\/12\/call-for-participation-bstly-goes-nowhere-rc3\/\">Call for Participation &#8211; bstly goes NOWHERE #rc3<\/a><time datetime=\"2021-11-12T18:25:55+01:00\" class=\"wp-block-latest-posts__post-date\">12. November 2021<\/time><div class=\"wp-block-latest-posts__post-excerpt\">Der CCC hat einige Updates zur diesj\u00e4hrigen Remote Chaos Experience ver\u00f6ffentlicht. Zum einen wurde das Motto NOWHERE bekanntgegeben. Au\u00dferdem wurde ein Call for Participation ver\u00f6ffentlicht. Wie schon angek\u00fcndigt m\u00f6chten wir auch unseren&hellip; <a class=\"more-link\" href=\"https:\/\/www.bstly.de\/en\/2021\/11\/12\/call-for-participation-bstly-goes-nowhere-rc3\/\">Continue reading <span class=\"screen-reader-text\">Call for Participation &#8211; bstly goes NOWHERE #rc3<\/span><\/a><\/div><\/li>\n<li><a class=\"wp-block-latest-posts__post-title\" href=\"https:\/\/www.bstly.de\/en\/2021\/10\/28\/bstly-goes-chaos-rc3\/\">bstly goes chaos #rc3<\/a><time datetime=\"2021-10-28T21:07:56+02:00\" class=\"wp-block-latest-posts__post-date\">28. October 2021<\/time><div class=\"wp-block-latest-posts__post-excerpt\">Unser geliebter Chaos Communication Congress wird auch im Jahr 2021 corona-bedingt nicht als Pr\u00e4senz-Veranstaltung in Leipzig stattfinden. Das hei\u00dft es wird wieder vom 27.12. bis zum 30.12. eine Remote Chaos Experience geben&hellip; <a class=\"more-link\" href=\"https:\/\/www.bstly.de\/en\/2021\/10\/28\/bstly-goes-chaos-rc3\/\">Continue reading <span class=\"screen-reader-text\">bstly goes chaos #rc3<\/span><\/a><\/div><\/li>\n<li><a class=\"wp-block-latest-posts__post-title\" href=\"https:\/\/www.bstly.de\/en\/2021\/09\/15\/alles-ist-eins-ausser-der-0-im-kino\/\">&#8220;Alles ist eins. Au\u00dfer der 0.&#8221; im Kino<\/a><time datetime=\"2021-09-15T20:00:00+02:00\" class=\"wp-block-latest-posts__post-date\">15. September 2021<\/time><div class=\"wp-block-latest-posts__post-excerpt\">Der Dokumentar-Film &#8220;Alles ist eins. Au\u00dfer der 0.&#8221; \u00fcber die Geschichte des Chaos Computer Clubs und dessen Mitbegr\u00fcnder Wau Holland wird am 18.09.2021 und am 19.09.2021 im Kino Babylon in Hagen aufgef\u00fchrt.&hellip; <a class=\"more-link\" href=\"https:\/\/www.bstly.de\/en\/2021\/09\/15\/alles-ist-eins-ausser-der-0-im-kino\/\">Continue reading <span class=\"screen-reader-text\">&#8220;Alles ist eins. Au\u00dfer der 0.&#8221; im Kino<\/span><\/a><\/div><\/li>\n<li><a class=\"wp-block-latest-posts__post-title\" href=\"https:\/\/www.bstly.de\/en\/2021\/09\/05\/website-auf-wordpress-umgestellt\/\">Website switched to WordPress<\/a><time datetime=\"2021-09-05T19:56:03+02:00\" class=\"wp-block-latest-posts__post-date\">5. September 2021<\/time><div class=\"wp-block-latest-posts__post-excerpt\">The homepage has now been switched to WordPress. This gives us the easy way to publish blog posts like this. In addition, our public events are shared here and easy access to&hellip; <a class=\"more-link\" href=\"https:\/\/www.bstly.de\/en\/2021\/09\/05\/website-auf-wordpress-umgestellt\/\">Continue reading <span class=\"screen-reader-text\">Website switched to WordPress<\/span><\/a><\/div><\/li>\n<\/ul>","protected":false},"excerpt":{"rendered":"","protected":false},"author":1,"featured_media":0,"parent":0,"menu_order":0,"comment_status":"closed","ping_status":"closed","template":"","meta":{"footnotes":""},"class_list":["post-159","page","type-page","status-publish","hentry","entry"],"_links":{"self":[{"href":"https:\/\/www.bstly.de\/en\/wp-json\/wp\/v2\/pages\/159","targetHints":{"allow":["GET"]}}],"collection":[{"href":"https:\/\/www.bstly.de\/en\/wp-json\/wp\/v2\/pages"}],"about":[{"href":"https:\/\/www.bstly.de\/en\/wp-json\/wp\/v2\/types\/page"}],"author":[{"embeddable":true,"href":"https:\/\/www.bstly.de\/en\/wp-json\/wp\/v2\/users\/1"}],"replies":[{"embeddable":true,"href":"https:\/\/www.bstly.de\/en\/wp-json\/wp\/v2\/comments?post=159"}],"version-history":[{"count":2,"href":"https:\/\/www.bstly.de\/en\/wp-json\/wp\/v2\/pages\/159\/revisions"}],"predecessor-version":[{"id":175,"href":"https:\/\/www.bstly.de\/en\/wp-json\/wp\/v2\/pages\/159\/revisions\/175"}],"wp:attachment":[{"href":"https:\/\/www.bstly.de\/en\/wp-json\/wp\/v2\/media?parent=159"}],"curies":[{"name":"wp","href":"https:\/\/api.w.org\/{rel}","templated":true}]}}